{"id":9435,"date":"2023-03-17T09:51:05","date_gmt":"2023-03-17T07:51:05","guid":{"rendered":"https:\/\/www.chidiactools.com\/?post_type=product&#038;p=9435"},"modified":"2023-10-05T12:34:08","modified_gmt":"2023-10-05T10:34:08","slug":"dust-collector-2-bags-5hp","status":"publish","type":"product","link":"https:\/\/www.chidiactools.com\/ar\/product\/dust-collector-2-bags-5hp\/","title":{"rendered":"Dust Collector &#8211; 2 bags &#8211; 5Hp"},"content":{"rendered":"<body><p><strong>SOLD<\/strong><\/p>\n<p>Motor Power : 4 KW<br>\nAir Delivery : 5000 m\u00b3\/h<br>\nAir Speed : 40 \u2013 45 m\/s<br>\nInlet Size : \u00f8 100 mm x 4 pcs<br>\nFan Diameter : \u00f8 350 mm<br>\nCollector Bags : \u00f8 64 x 100 cm x 2 pcs<br>\nFilter Bag : \u00f8 64 x 120 cm x 2 pcs<br>\nDimensions : 550x1300x2520mm<\/p>\n<\/body>","protected":false},"excerpt":{"rendered":"<p>SOLD Motor Power : 4 KW Air Delivery : 5000 m\u00b3\/h Air Speed : 40 \u2013 45 m\/s Inlet Size : \u00f8 100 mm x 4 pcs Fan Diameter : \u00f8 350 mm Collector Bags : \u00f8 64 x 100 cm x 2 pcs Filter Bag : \u00f8 64 x 120 cm x 2 pcs Dimensions : 550x1300x2520mm<\/p>","protected":false},"featured_media":9436,"comment_status":"closed","ping_status":"closed","template":"","meta":{"nf_dc_page":""},"product_brand":[],"product_cat":[168,190],"product_tag":[],"class_list":{"0":"post-9435","1":"product","2":"type-product","3":"status-publish","4":"has-post-thumbnail","6":"product_cat-new-machines","7":"product_cat-dust-collector-new-machines","8":"post-has-thumbnail","10":"first","11":"instock","12":"shipping-taxable","13":"product-type-simple"},"aioseo_notices":[],"_links":{"self":[{"href":"https:\/\/www.chidiactools.com\/ar\/wp-json\/wp\/v2\/product\/9435","targetHints":{"allow":["GET"]}}],"collection":[{"href":"https:\/\/www.chidiactools.com\/ar\/wp-json\/wp\/v2\/product"}],"about":[{"href":"https:\/\/www.chidiactools.com\/ar\/wp-json\/wp\/v2\/types\/product"}],"replies":[{"embeddable":true,"href":"https:\/\/www.chidiactools.com\/ar\/wp-json\/wp\/v2\/comments?post=9435"}],"wp:featuredmedia":[{"embeddable":true,"href":"https:\/\/www.chidiactools.com\/ar\/wp-json\/wp\/v2\/media\/9436"}],"wp:attachment":[{"href":"https:\/\/www.chidiactools.com\/ar\/wp-json\/wp\/v2\/media?parent=9435"}],"wp:term":[{"taxonomy":"product_brand","embeddable":true,"href":"https:\/\/www.chidiactools.com\/ar\/wp-json\/wp\/v2\/product_brand?post=9435"},{"taxonomy":"product_cat","embeddable":true,"href":"https:\/\/www.chidiactools.com\/ar\/wp-json\/wp\/v2\/product_cat?post=9435"},{"taxonomy":"product_tag","embeddable":true,"href":"https:\/\/www.chidiactools.com\/ar\/wp-json\/wp\/v2\/product_tag?post=9435"}],"curies":[{"name":"wp","href":"https:\/\/api.w.org\/{rel}","templated":true}]}}